{"id":877,"date":"2020-01-30T10:32:45","date_gmt":"2020-01-30T10:32:45","guid":{"rendered":"https:\/\/vpsa.com.vn\/?page_id=877"},"modified":"2021-06-10T10:04:01","modified_gmt":"2021-06-10T10:04:01","slug":"factory-equipments","status":"publish","type":"page","link":"https:\/\/vpsa.com.vn\/vi\/factory-equipments\/","title":{"rendered":"Trang thi\u1ebft b\u1ecb"},"content":{"rendered":"<p>Ch\u00fang t\u00f4i s\u1ea3n xu\u1ea5t c\u00e1c s\u1ea3n ph\u1ea9m s\u1eed d\u1ee5ng m\u00e1y \u0111\u00fac 125 t\u1ea5n, 250 t\u1ea5n, 350 t\u1ea5n, m\u00e1y phun bi, CNC, m\u00e1y d\u1eadp&#8230;.<\/p>","protected":false},"excerpt":{"rendered":"<p>Ch\u00fang t\u00f4i s\u1ea3n xu\u1ea5t c\u00e1c s\u1ea3n ph\u1ea9m s\u1eed d\u1ee5ng m\u00e1y \u0111\u00fac 125 t\u1ea5n, 250 t\u1ea5n, 350 t\u1ea5n, m\u00e1y phun bi, CNC, m\u00e1y d\u1eadp&#8230;.<\/p>\n","protected":false},"author":1,"featured_media":1021,"parent":0,"menu_order":0,"comment_status":"closed","ping_status":"closed","template":"page-templates\/parent-page.php","meta":{"footnotes":""},"class_list":["post-877","page","type-page","status-publish","has-post-thumbnail","hentry"],"acf":[],"_links":{"self":[{"href":"https:\/\/vpsa.com.vn\/vi\/wp-json\/wp\/v2\/pages\/877","targetHints":{"allow":["GET"]}}],"collection":[{"href":"https:\/\/vpsa.com.vn\/vi\/wp-json\/wp\/v2\/pages"}],"about":[{"href":"https:\/\/vpsa.com.vn\/vi\/wp-json\/wp\/v2\/types\/page"}],"author":[{"embeddable":true,"href":"https:\/\/vpsa.com.vn\/vi\/wp-json\/wp\/v2\/users\/1"}],"replies":[{"embeddable":true,"href":"https:\/\/vpsa.com.vn\/vi\/wp-json\/wp\/v2\/comments?post=877"}],"version-history":[{"count":0,"href":"https:\/\/vpsa.com.vn\/vi\/wp-json\/wp\/v2\/pages\/877\/revisions"}],"wp:featuredmedia":[{"embeddable":true,"href":"https:\/\/vpsa.com.vn\/vi\/wp-json\/wp\/v2\/media\/1021"}],"wp:attachment":[{"href":"https:\/\/vpsa.com.vn\/vi\/wp-json\/wp\/v2\/media?parent=877"}],"curies":[{"name":"wp","href":"https:\/\/api.w.org\/{rel}","templated":true}]}}