{"id":874,"date":"2020-01-30T10:21:23","date_gmt":"2020-01-30T10:21:23","guid":{"rendered":"https:\/\/vpsa.com.vn\/?page_id=874"},"modified":"2021-06-10T09:51:23","modified_gmt":"2021-06-10T09:51:23","slug":"finishing-process","status":"publish","type":"page","link":"https:\/\/vpsa.com.vn\/vi\/finishing-process\/","title":{"rendered":"C\u00f4ng \u0111o\u1ea1n gia c\u00f4ng"},"content":{"rendered":"<p>Trong qu\u00e1 tr\u00ecnh ho\u00e0n thi\u1ec7n, ng\u01b0\u1eddi v\u1eadn h\u00e0nh ho\u00e0n thi\u1ec7n s\u1ebd l\u1ea5y ph\u1ea7n g\u1edd kh\u00f4ng th\u1ec3 lo\u1ea1i b\u1ecf \u0111\u01b0\u1ee3c b\u1eb1ng m\u00e1y \u00e9p v\u00e0 m\u00e1y m\u00e0i, v\u00e0 ki\u1ec3m tra b\u1ec1 ngo\u00e0i 100% \u0111\u01b0\u1ee3c th\u1ef1c hi\u1ec7n.<\/p>","protected":false},"excerpt":{"rendered":"<p>Trong qu\u00e1 tr\u00ecnh ho\u00e0n thi\u1ec7n, ng\u01b0\u1eddi v\u1eadn h\u00e0nh ho\u00e0n thi\u1ec7n s\u1ebd l\u1ea5y ph\u1ea7n g\u1edd kh\u00f4ng th\u1ec3 lo\u1ea1i b\u1ecf \u0111\u01b0\u1ee3c b\u1eb1ng m\u00e1y \u00e9p v\u00e0 m\u00e1y m\u00e0i, v\u00e0 ki\u1ec3m tra b\u1ec1 ngo\u00e0i 100% \u0111\u01b0\u1ee3c th\u1ef1c hi\u1ec7n.<\/p>\n","protected":false},"author":1,"featured_media":1021,"parent":0,"menu_order":0,"comment_status":"closed","ping_status":"closed","template":"page-templates\/parent-page.php","meta":{"footnotes":""},"class_list":["post-874","page","type-page","status-publish","has-post-thumbnail","hentry"],"acf":[],"_links":{"self":[{"href":"https:\/\/vpsa.com.vn\/vi\/wp-json\/wp\/v2\/pages\/874","targetHints":{"allow":["GET"]}}],"collection":[{"href":"https:\/\/vpsa.com.vn\/vi\/wp-json\/wp\/v2\/pages"}],"about":[{"href":"https:\/\/vpsa.com.vn\/vi\/wp-json\/wp\/v2\/types\/page"}],"author":[{"embeddable":true,"href":"https:\/\/vpsa.com.vn\/vi\/wp-json\/wp\/v2\/users\/1"}],"replies":[{"embeddable":true,"href":"https:\/\/vpsa.com.vn\/vi\/wp-json\/wp\/v2\/comments?post=874"}],"version-history":[{"count":0,"href":"https:\/\/vpsa.com.vn\/vi\/wp-json\/wp\/v2\/pages\/874\/revisions"}],"wp:featuredmedia":[{"embeddable":true,"href":"https:\/\/vpsa.com.vn\/vi\/wp-json\/wp\/v2\/media\/1021"}],"wp:attachment":[{"href":"https:\/\/vpsa.com.vn\/vi\/wp-json\/wp\/v2\/media?parent=874"}],"curies":[{"name":"wp","href":"https:\/\/api.w.org\/{rel}","templated":true}]}}