{"id":871,"date":"2020-01-30T10:09:03","date_gmt":"2020-01-30T10:09:03","guid":{"rendered":"https:\/\/vpsa.com.vn\/?page_id=871"},"modified":"2021-06-10T09:45:03","modified_gmt":"2021-06-10T09:45:03","slug":"manufacturing-process","status":"publish","type":"page","link":"https:\/\/vpsa.com.vn\/vi\/manufacturing-process\/","title":{"rendered":"C\u00f4ng \u0111o\u1ea1n s\u1ea3n xu\u1ea5t"},"content":{"rendered":"<p>V\u00ec c\u00f4ng ty ch\u00fang t\u00f4i s\u1eed d\u1ee5ng l\u00f2 nung ch\u1ea3y chuy\u00ean s\u00e2u n\u00ean v\u1eadt li\u1ec7u v\u1ec1 c\u01a1 b\u1ea3n l\u00e0 ADC12. Trong tr\u01b0\u1eddng h\u1ee3p v\u1eadt li\u1ec7u \u0111\u1eb7c bi\u1ec7t, m\u1ed9t l\u00f2 n\u1ea5u ch\u1ea3y ri\u00eang s\u1ebd \u0111\u01b0\u1ee3c s\u1eed d\u1ee5ng. Sau khi nh\u1eadn v\u1eadt li\u1ec7u, ch\u00fang t\u00f4i n\u1ea5u ch\u1ea3y v\u1eadt li\u1ec7u v\u00e0 \u0111\u00fac b\u1eb1ng m\u00e1y \u0111\u00fac 125-350 t\u1ea5n. Sau \u0111\u00f3, \u0111\u1ebfn c\u00f4ng \u0111o\u1ea1n d\u1eadp v\u00e0 phun bi. sau qu\u00e1 tr\u00ecnh \u0111\u00fac n\u00e0y, b\u1ed9 ph\u1eadn qu\u1ea3n l\u00fd ch\u1ea5t l\u01b0\u1ee3ng s\u1ebd ki\u1ec3m tra. N\u1ebfu kh\u00f4ng c\u00f3 v\u1ea5n \u0111\u1ec1 g\u00ec x\u1ea3y ra, s\u1ebd \u0111\u1ebfn qu\u00e1 tr\u00ecnh ho\u00e0n thi\u1ec7n, ki\u1ec3m tra, \u0111\u00f3ng g\u00f3i, ph\u00e2n lu\u1ed3ng v\u1eadn chuy\u1ec3n<\/p>","protected":false},"excerpt":{"rendered":"<p>V\u00ec c\u00f4ng ty ch\u00fang t\u00f4i s\u1eed d\u1ee5ng l\u00f2 nung ch\u1ea3y chuy\u00ean s\u00e2u n\u00ean v\u1eadt li\u1ec7u v\u1ec1 c\u01a1 b\u1ea3n l\u00e0 ADC12. Trong tr\u01b0\u1eddng h\u1ee3p v\u1eadt li\u1ec7u \u0111\u1eb7c bi\u1ec7t, m\u1ed9t l\u00f2 n\u1ea5u ch\u1ea3y ri\u00eang s\u1ebd \u0111\u01b0\u1ee3c s\u1eed d\u1ee5ng. Sau khi nh\u1eadn v\u1eadt li\u1ec7u, ch\u00fang t\u00f4i n\u1ea5u ch\u1ea3y v\u1eadt li\u1ec7u v\u00e0 \u0111\u00fac b\u1eb1ng m\u00e1y \u0111\u00fac 125-350 t\u1ea5n. Sau &hellip; <a href=\"https:\/\/vpsa.com.vn\/vi\/manufacturing-process\/\" class=\"more-link\">Continue reading <span class=\"screen-reader-text\">C\u00f4ng \u0111o\u1ea1n s\u1ea3n xu\u1ea5t<\/span><\/a><\/p>\n","protected":false},"author":1,"featured_media":1021,"parent":0,"menu_order":0,"comment_status":"closed","ping_status":"closed","template":"page-templates\/parent-page.php","meta":{"footnotes":""},"class_list":["post-871","page","type-page","status-publish","has-post-thumbnail","hentry"],"acf":[],"_links":{"self":[{"href":"https:\/\/vpsa.com.vn\/vi\/wp-json\/wp\/v2\/pages\/871","targetHints":{"allow":["GET"]}}],"collection":[{"href":"https:\/\/vpsa.com.vn\/vi\/wp-json\/wp\/v2\/pages"}],"about":[{"href":"https:\/\/vpsa.com.vn\/vi\/wp-json\/wp\/v2\/types\/page"}],"author":[{"embeddable":true,"href":"https:\/\/vpsa.com.vn\/vi\/wp-json\/wp\/v2\/users\/1"}],"replies":[{"embeddable":true,"href":"https:\/\/vpsa.com.vn\/vi\/wp-json\/wp\/v2\/comments?post=871"}],"version-history":[{"count":0,"href":"https:\/\/vpsa.com.vn\/vi\/wp-json\/wp\/v2\/pages\/871\/revisions"}],"wp:featuredmedia":[{"embeddable":true,"href":"https:\/\/vpsa.com.vn\/vi\/wp-json\/wp\/v2\/media\/1021"}],"wp:attachment":[{"href":"https:\/\/vpsa.com.vn\/vi\/wp-json\/wp\/v2\/media?parent=871"}],"curies":[{"name":"wp","href":"https:\/\/api.w.org\/{rel}","templated":true}]}}