{"id":867,"date":"2020-01-30T09:56:13","date_gmt":"2020-01-30T09:56:13","guid":{"rendered":"https:\/\/vpsa.com.vn\/?page_id=867"},"modified":"2021-06-10T09:26:15","modified_gmt":"2021-06-10T09:26:15","slug":"products","status":"publish","type":"page","link":"https:\/\/vpsa.com.vn\/vi\/products\/","title":{"rendered":"S\u1ea3n Ph\u1ea9m"},"content":{"rendered":"<p>Ch\u00fang t\u00f4i \u0111ang s\u1ea3n xu\u1ea5t c\u00e1c b\u1ed9 ph\u1eadn \u0111\u00fac cho ng\u00e0nh c\u00f4ng nghi\u1ec7p \u00f4 t\u00f4. Ch\u00fang t\u00f4i s\u1ea3n xu\u1ea5t ra c\u00e1c s\u1ea3n ph\u1ea9m ch\u1ea5t l\u01b0\u1ee3ng cao v\u1edbi gi\u00e1 th\u00e0nh th\u1ea5p \u1edf Vi\u1ec7t Nam, \u0111\u1ed3ng th\u1eddi t\u1eadp trung v\u00e0o c\u00e1c ho\u1ea1t \u0111\u1ed9ng t\u00e1i ch\u1ebf. Ch\u00fang t\u00f4i c\u00f3 th\u1ec3 cung c\u1ea5p d\u1ecbch v\u1ee5 t\u01b0 v\u1ea5n v\u1ec1 s\u1ea3n xu\u1ea5t c\u00e1c s\u1ea3n ph\u1ea9m nh\u00f4m kh\u00e1c nhau.<\/p>","protected":false},"excerpt":{"rendered":"<p>Ch\u00fang t\u00f4i \u0111ang s\u1ea3n xu\u1ea5t c\u00e1c b\u1ed9 ph\u1eadn \u0111\u00fac cho ng\u00e0nh c\u00f4ng nghi\u1ec7p \u00f4 t\u00f4. Ch\u00fang t\u00f4i s\u1ea3n xu\u1ea5t ra c\u00e1c s\u1ea3n ph\u1ea9m ch\u1ea5t l\u01b0\u1ee3ng cao v\u1edbi gi\u00e1 th\u00e0nh th\u1ea5p \u1edf Vi\u1ec7t Nam, \u0111\u1ed3ng th\u1eddi t\u1eadp trung v\u00e0o c\u00e1c ho\u1ea1t \u0111\u1ed9ng t\u00e1i ch\u1ebf. Ch\u00fang t\u00f4i c\u00f3 th\u1ec3 cung c\u1ea5p d\u1ecbch v\u1ee5 t\u01b0 v\u1ea5n v\u1ec1 s\u1ea3n &hellip; <a href=\"https:\/\/vpsa.com.vn\/vi\/products\/\" class=\"more-link\">Continue reading <span class=\"screen-reader-text\">S\u1ea3n Ph\u1ea9m<\/span><\/a><\/p>\n","protected":false},"author":1,"featured_media":1021,"parent":0,"menu_order":0,"comment_status":"closed","ping_status":"closed","template":"page-templates\/parent-page.php","meta":{"footnotes":""},"class_list":["post-867","page","type-page","status-publish","has-post-thumbnail","hentry"],"acf":[],"_links":{"self":[{"href":"https:\/\/vpsa.com.vn\/vi\/wp-json\/wp\/v2\/pages\/867","targetHints":{"allow":["GET"]}}],"collection":[{"href":"https:\/\/vpsa.com.vn\/vi\/wp-json\/wp\/v2\/pages"}],"about":[{"href":"https:\/\/vpsa.com.vn\/vi\/wp-json\/wp\/v2\/types\/page"}],"author":[{"embeddable":true,"href":"https:\/\/vpsa.com.vn\/vi\/wp-json\/wp\/v2\/users\/1"}],"replies":[{"embeddable":true,"href":"https:\/\/vpsa.com.vn\/vi\/wp-json\/wp\/v2\/comments?post=867"}],"version-history":[{"count":0,"href":"https:\/\/vpsa.com.vn\/vi\/wp-json\/wp\/v2\/pages\/867\/revisions"}],"wp:featuredmedia":[{"embeddable":true,"href":"https:\/\/vpsa.com.vn\/vi\/wp-json\/wp\/v2\/media\/1021"}],"wp:attachment":[{"href":"https:\/\/vpsa.com.vn\/vi\/wp-json\/wp\/v2\/media?parent=867"}],"curies":[{"name":"wp","href":"https:\/\/api.w.org\/{rel}","templated":true}]}}