{"id":189,"date":"2019-04-09T08:34:27","date_gmt":"2019-04-09T08:34:27","guid":{"rendered":"https:\/\/vpsa.com.vn\/?page_id=189"},"modified":"2021-06-10T10:12:01","modified_gmt":"2021-06-10T10:12:01","slug":"greeting","status":"publish","type":"page","link":"https:\/\/vpsa.com.vn\/vi\/greeting\/","title":{"rendered":"L\u1eddi Ch\u00e0o"},"content":{"rendered":"<p>Ch\u00fang t\u00f4i s\u1ea3n xu\u1ea5t c\u00e1c s\u1ea3n ph\u1ea9m nh\u00f4m \u0111\u00fac g\u1ea7n nh\u01b0 kh\u00f4ng b\u1ecb v\u1ee1. Ch\u00fang t\u00f4i ch\u1ee7 y\u1ebfu s\u1ea3n xu\u1ea5t c\u00e1c b\u1ed9 ph\u1eadn \u00f4 t\u00f4, v\u00e0 ch\u1ea5t l\u01b0\u1ee3ng t\u1ed1t nh\u1ea5t cho s\u1ee9c m\u1ea1nh v\u00e0 ngo\u1ea1i h\u00ecnh. \u0110\u00fac c\u00f9ng m\u1ed9t khu\u00f4n n\u00ean s\u1ea3n xu\u1ea5t gi\u1ed1ng nhau, nh\u01b0ng m\u00f4i tr\u01b0\u1eddng s\u1ebd thay \u0111\u1ed5i m\u1ed9t ch\u00fat, v\u00e0 ch\u1ea5t l\u01b0\u1ee3ng th\u00e0nh ph\u1ea9m th\u01b0\u1eddng kh\u00e1c nhau. \u0110\u00e3 7 n\u0103m k\u1ec3 t\u1eeb khi ch\u00fang t\u00f4i b\u1eaft \u0111\u1ea7u ho\u1ea1t \u0111\u1ed9ng t\u1ea1i Vi\u1ec7t Nam, c\u00f4ng ty v\u1eabn \u0111ang trong qu\u00e1 tr\u00ecnh ph\u00e1t tri\u1ec3n v\u00e0 v\u1ec1 m\u1eb7t k\u1ef9 thu\u1eadt, nh\u01b0ng v\u1eabn c\u00f2n r\u1ea5t nhi\u1ec1u s\u1ef1 ph\u00e1t tri\u1ec3n. Trong c\u00f4ng vi\u1ec7c, c\u00e1c nh\u00e2n vi\u00ean Vi\u1ec7t Nam th\u01b0\u1eddng khi\u1ebfn t\u00f4i ng\u1ea1c nhi\u00ean v\u1ec1 s\u1ef1 nghi\u00eam t\u00fac c\u1ee7a h\u1ecd gi\u00fap ch\u00fang t\u00f4i tr\u01b0\u1edfng th\u00e0nh m\u1ed7i ng\u00e0y.<\/p>\n<p>March 2020\u00a0 :\u00a0 Masamichi Mima<\/p>","protected":false},"excerpt":{"rendered":"<p>Ch\u00fang t\u00f4i s\u1ea3n xu\u1ea5t c\u00e1c s\u1ea3n ph\u1ea9m nh\u00f4m \u0111\u00fac g\u1ea7n nh\u01b0 kh\u00f4ng b\u1ecb v\u1ee1. Ch\u00fang t\u00f4i ch\u1ee7 y\u1ebfu s\u1ea3n xu\u1ea5t c\u00e1c b\u1ed9 ph\u1eadn \u00f4 t\u00f4, v\u00e0 ch\u1ea5t l\u01b0\u1ee3ng t\u1ed1t nh\u1ea5t cho s\u1ee9c m\u1ea1nh v\u00e0 ngo\u1ea1i h\u00ecnh. \u0110\u00fac c\u00f9ng m\u1ed9t khu\u00f4n n\u00ean s\u1ea3n xu\u1ea5t gi\u1ed1ng nhau, nh\u01b0ng m\u00f4i tr\u01b0\u1eddng s\u1ebd thay \u0111\u1ed5i m\u1ed9t ch\u00fat, v\u00e0 ch\u1ea5t &hellip; <a href=\"https:\/\/vpsa.com.vn\/vi\/greeting\/\" class=\"more-link\">Continue reading <span class=\"screen-reader-text\">L\u1eddi Ch\u00e0o<\/span><\/a><\/p>\n","protected":false},"author":1,"featured_media":1032,"parent":0,"menu_order":0,"comment_status":"closed","ping_status":"closed","template":"page-templates\/company.php","meta":{"footnotes":""},"class_list":["post-189","page","type-page","status-publish","has-post-thumbnail","hentry"],"acf":[],"_links":{"self":[{"href":"https:\/\/vpsa.com.vn\/vi\/wp-json\/wp\/v2\/pages\/189","targetHints":{"allow":["GET"]}}],"collection":[{"href":"https:\/\/vpsa.com.vn\/vi\/wp-json\/wp\/v2\/pages"}],"about":[{"href":"https:\/\/vpsa.com.vn\/vi\/wp-json\/wp\/v2\/types\/page"}],"author":[{"embeddable":true,"href":"https:\/\/vpsa.com.vn\/vi\/wp-json\/wp\/v2\/users\/1"}],"replies":[{"embeddable":true,"href":"https:\/\/vpsa.com.vn\/vi\/wp-json\/wp\/v2\/comments?post=189"}],"version-history":[{"count":0,"href":"https:\/\/vpsa.com.vn\/vi\/wp-json\/wp\/v2\/pages\/189\/revisions"}],"wp:featuredmedia":[{"embeddable":true,"href":"https:\/\/vpsa.com.vn\/vi\/wp-json\/wp\/v2\/media\/1032"}],"wp:attachment":[{"href":"https:\/\/vpsa.com.vn\/vi\/wp-json\/wp\/v2\/media?parent=189"}],"curies":[{"name":"wp","href":"https:\/\/api.w.org\/{rel}","templated":true}]}}